{"id":2259,"date":"2025-08-15T08:26:13","date_gmt":"2025-08-15T08:26:13","guid":{"rendered":"https:\/\/cyberpreventionservices.axa.ch\/?page_id=2259"},"modified":"2026-03-19T13:42:15","modified_gmt":"2026-03-19T13:42:15","slug":"newsletter","status":"publish","type":"page","link":"https:\/\/cyberpreventionservices.axa.ch\/it\/newsletter\/","title":{"rendered":"Newsletter"},"content":{"rendered":"\n<div class=\"wp-block-group has-background has-global-padding is-layout-constrained wp-container-core-group-is-layout-19c400f2 wp-block-group-is-layout-constrained\" style=\"background-color:#f5f5f5;margin-top:0;margin-bottom:0\">\n<h4 class=\"wp-block-heading\" style=\"margin-top:var(--wp--preset--spacing--60);margin-bottom:var(--wp--preset--spacing--60)\">Sempre al corrente per evitare problemi<\/h4>\n\n\n\n<p style=\"margin-top:var(--wp--preset--spacing--20);margin-bottom:var(--wp--preset--spacing--20)\">La nostra newsletter Cyberallerta la informa in modo pratico, concreto e comprensibile sulle pi\u00f9 recenti tecniche utilizzate dai criminali informatici. In questo modo pu\u00f2 riconoscere pi\u00f9 facilmente i tentativi di frode e tutelarsi.<\/p>\n\n\n\n<div class=\"newsletter-form\">\n  <div class=\"newsletter-form__fields\">\n\t\t<form id=\"newsletterForm\" style=\"display: none;\">\n\t\t\t<div class=\"newsletter-form__field\">\n\t\t  \t<label for=\"firstname\">Nome*<\/label>\n\t\t  \t<input type=\"text\" name=\"firstname\" id=\"firstname\" required\/>\n\t\t  \t<span>Il campo non deve essere vuoto<\/span>\n\t\t  <\/div>\n\t\t  <div class=\"newsletter-form__field\">\n\t\t\t  <label for=\"lastname\">Cognome*<\/label>\n\t\t\t  <input type=\"text\" name=\"lastname\" id=\"lastname\" required\/>\n\t\t\t  <span>Il campo non deve essere vuoto<\/span>\n\t\t\t<\/div>\n\t\t\t<div class=\"newsletter-form__field\">\n\t\t\t\t<label for=\"email\">E-mail*<\/label>\n\t\t\t\t<input type=\"email\" name=\"email\" id=\"email\" required\/>\n\t\t\t\t<span>L&#8217;indirizzo e-mail ha un formato errato<\/span>\n\t\t\t<\/div>\n\t\t\t<div class=\"newsletter-form__spacer\"><!-- spacer --><\/div>\n\t\t\t<input type=\"submit\" id=\"submit\" class=\"btn btn-primary\" value=\"ISCRIVITI\"\/>\n\t\t<\/form>\n\t\t<section id=\"successMessage\" style=\"display: none;\">\n\t\t\t<h3><img decoding=\"async\" src=\"\/wp-content\/uploads\/2026\/03\/green_checkbox.svg\" alt=\"\"\/> Grazie mille!<\/h3>\n\t\t\t<p>Per sicurezza, le invieremo un&#8217;e-mail di conferma all&#8217;indirizzo: <span id=\"registeredEmail\"><\/span> <\/p>\n\t\t\t<p>Controlli anche la sua cartella di posta indesiderata.<\/p>\n\t\t<\/section>\n\t\t<section id=\"errorMessage\" style=\"display: none;\">\n\t\t\t<p>Si \u00e8 verificato un errore imprevisto.<\/p>\n\t\t<\/section>\n\t\t<section id=\"confirmedMessage\" style=\"display: none;\">\n\t\t\t<h3><img decoding=\"async\" src=\"\/wp-content\/uploads\/2026\/03\/green_checkbox.svg\" alt=\"\"\/> Le diamo il benvenuto!<\/h3>\n\t\t\t<p>La sua iscrizione alla newsletter \u00e8 andata a buon fine.<\/p>\n\t\t<\/section>\n\t<\/div>\n  <div class=\"newsletter-form__illustration\">\n    <img decoding=\"async\" src=\"\/wp-content\/uploads\/2026\/03\/binoculars.png\" alt=\"\"\/>\n  <\/div>\n<\/div>\n<\/div>\n\n\n\n<div class=\"wp-block-group has-white-background-color has-background has-global-padding is-layout-constrained wp-container-core-group-is-layout-04428bc3 wp-block-group-is-layout-constrained\" style=\"margin-top:0;margin-bottom:0;padding-top:var(--wp--preset--spacing--50);padding-bottom:var(--wp--preset--spacing--50)\">\n<h2 class=\"wp-block-heading\" style=\"margin-top:var(--wp--preset--spacing--60);margin-bottom:var(--wp--preset--spacing--60)\">La newsletter Cyberallerta la aiuta\u2026<\/h2>\n\n\n\n<div class=\"wp-block-group has-global-padding is-content-justification-left is-layout-constrained wp-container-core-group-is-layout-1f128930 wp-block-group-is-layout-constrained\" style=\"padding-top:var(--wp--preset--spacing--50);padding-bottom:var(--wp--preset--spacing--50)\">\n<div class=\"check-mark-list-wrapper\" style=\"--check-icon-size:2em;--check-icon-valign:0.1em;--check-item-gap:0.5rem;--check-icon-color:currentColor;--check-icon-content:url(&quot;data:image\/svg+xml,%3Csvg%20width%3D%2224%22%20height%3D%2224%22%20viewBox%3D%220%200%2024%2024%22%20fill%3D%22none%22%20xmlns%3D%22http%3A%2F%2Fwww.w3.org%2F2000%2Fsvg%22%3E%3Cpath%20fill-rule%3D%22evenodd%22%20clip-rule%3D%22evenodd%22%20d%3D%22M2%2012C2%206.48%206.48%202%2012%202C17.52%202%2022%206.48%2022%2012C22%2017.52%2017.52%2022%2012%2022C6.48%2022%202%2017.52%202%2012ZM10%2014.17L16.59%207.58L18%209L10%2017L6%2013L7.41%2011.59L10%2014.17Z%22%20fill%3D%22%23668980%22%2F%3E%3C%2Fsvg%3E&quot;)\"><ul class=\"wp-block-silenccio-check-mark-list check-mark-list\"><li>a tenersi al corrente delle ultime truffe<\/li><li>a riconoscere pi\u00f9 facilmente offerte, e-mail o telefonate fraudolente<\/li><li>a comprendere come operano i criminali informatici per raggirare le loro vittime<\/li><li>a reagire correttamente se lei o i suoi familiari dovessero essere vittime di un crimine informatico<\/li><\/ul><\/div>\n<\/div>\n\n\n\n<p class=\"newsletter-text-small has-medium-font-size\">La newsletter Cyberallerta \u00e8 un servizio informativo gratuito e senza impegno offerto da AXA per tutelare la popolazione svizzera dalla crescente minaccia della criminalit\u00e0 informatica. Pu\u00f2 annullare l&#8217;iscrizione alla newsletter oppure consigliarla ad altri in qualsiasi momento. I suoi dati saranno trattati in conformit\u00e0 alla nostra <a href=\"https:\/\/cyberpreventionservices.axa.ch\/it\/informativa-sulla-privacy\/\" target=\"_blank\" rel=\"noreferrer noopener\">Dichiarazione sulla protezione dei dati<\/a>.<\/p>\n<\/div>\n\n\n\n<div class=\"wp-block-group has-background has-global-padding is-layout-constrained wp-container-core-group-is-layout-9853fa83 wp-block-group-is-layout-constrained\" style=\"background-color:#f5f5f5;margin-top:0;margin-bottom:0;padding-bottom:var(--wp--preset--spacing--40)\">\n<div class=\"wp-block-group has-global-padding is-layout-constrained wp-block-group-is-layout-constrained\" style=\"margin-top:0;margin-bottom:0;padding-top:var(--wp--preset--spacing--10);padding-bottom:var(--wp--preset--spacing--30)\">\n<h4 class=\"wp-block-heading\" style=\"margin-top:var(--wp--preset--spacing--60);margin-bottom:var(--wp--preset--spacing--60)\">Parli della nostra newsletter ad amici, parenti e vicini<\/h4>\n\n\n\n<div class=\"wp-block-columns newsletter-share-columns is-layout-flex wp-container-core-columns-is-layout-fbeb84d2 wp-block-columns-is-layout-flex\" style=\"padding-top:0;padding-bottom:0\">\n<div class=\"wp-block-column has-white-background-color has-background is-layout-flow wp-block-column-is-layout-flow\" style=\"border-radius:8px;padding-top:var(--wp--preset--spacing--50);padding-right:var(--wp--preset--spacing--50);padding-bottom:var(--wp--preset--spacing--50);padding-left:var(--wp--preset--spacing--50);box-shadow:var(--wp--preset--shadow--natural)\">\n<h3 class=\"wp-block-heading has-source-sans-pro-font-family\" style=\"font-size:28px\">Invito via e-mail<\/h3>\n\n\n\n<figure class=\"wp-block-image size-full\" style=\"margin-top:var(--wp--preset--spacing--20);margin-bottom:var(--wp--preset--spacing--20)\"><img decoding=\"async\" src=\"https:\/\/cyberpreventionservices.axa.ch\/wp-content\/uploads\/2026\/03\/letter_icon.svg\" alt=\"\" class=\"wp-image-3315\"\/><\/figure>\n\n\n\n<div class=\"wp-block-group newsletter-share-columns__mail-button-grp is-nowrap is-layout-flex wp-container-core-group-is-layout-6c531013 wp-block-group-is-layout-flex\">\n<div class=\"wp-block-silenccio-axa-button\"><a class=\"btn btn-primary\" href=\"mailto:?subject=Consiglio%3A%20dai%20un'occhiata%20alla%20newsletter%20Cyberallerta%20AXA&amp;body=Ciao!%0D%0A%0D%0ATi%20consiglio%20vivamente%20di%20iscriverti%20alla%20newsletter%20cyberallerta.%20Si%20tratta%20di%20una%20newsletter%20gratuita%20che%20fornisce%20informazioni%20pratiche%2C%20quotidiane%20e%20di%20facile%20comprensione%20sulle%20ultime%20truffe%20messe%20in%20atto%20dai%20criminali%20informatici.%0D%0A%0D%0AIn%20questo%20modo%2C%20sarai%20avvisato%20tempestivamente%20e%20potrai%20riconoscere%20pi%C3%B9%20facilmente%20le%20e-mail%20di%20phishing%2C%20le%20chiamate%20fraudolente%20o%20i%20negozi%20falsi.%0D%0A%0D%0AProvala%20anche%20tu.%20Puoi%20iscriverti%20qui%3A%0D%0A%0D%0Ahttps%3A%2F%2Fcyberpreventionservices.axa.ch%2Fit%2Fnewsletter%2F\">send<\/a><\/div>\n<\/div>\n<\/div>\n\n\n\n<div class=\"wp-block-column has-white-background-color has-background is-layout-flow wp-block-column-is-layout-flow\" style=\"border-radius:8px;padding-top:var(--wp--preset--spacing--50);padding-right:var(--wp--preset--spacing--50);padding-bottom:var(--wp--preset--spacing--50);padding-left:var(--wp--preset--spacing--50);box-shadow:var(--wp--preset--shadow--natural)\">\n<h3 class=\"wp-block-heading has-source-sans-pro-font-family\" style=\"font-size:28px;line-height:1.1\">Condivisione sui social media<\/h3>\n\n\n\n<ul class=\"wp-block-social-links has-huge-icon-size has-icon-color is-style-logos-only is-horizontal is-content-justification-left is-nowrap is-layout-flex wp-container-core-social-links-is-layout-3b883f6b wp-block-social-links-is-layout-flex\"><li style=\"color:#111111;\" class=\"wp-social-link wp-social-link-whatsapp has-contrast-color wp-block-social-link\"><a rel=\"noopener nofollow\" target=\"_blank\" href=\"https:\/\/wa.me\/?text=https%3A\/\/cyberpreventionservices.axa.ch\/it\/newsletter\" class=\"wp-block-social-link-anchor\"><svg width=\"24\" height=\"24\" viewBox=\"0 0 24 24\" version=\"1.1\" xmlns=\"http:\/\/www.w3.org\/2000\/svg\" aria-hidden=\"true\" focusable=\"false\"><path d=\"M 12.011719 2 C 6.5057187 2 2.0234844 6.478375 2.0214844 11.984375 C 2.0204844 13.744375 2.4814687 15.462563 3.3554688 16.976562 L 2 22 L 7.2324219 20.763672 C 8.6914219 21.559672 10.333859 21.977516 12.005859 21.978516 L 12.009766 21.978516 C 17.514766 21.978516 21.995047 17.499141 21.998047 11.994141 C 22.000047 9.3251406 20.962172 6.8157344 19.076172 4.9277344 C 17.190172 3.0407344 14.683719 2.001 12.011719 2 z M 12.009766 4 C 14.145766 4.001 16.153109 4.8337969 17.662109 6.3417969 C 19.171109 7.8517969 20.000047 9.8581875 19.998047 11.992188 C 19.996047 16.396187 16.413812 19.978516 12.007812 19.978516 C 10.674812 19.977516 9.3544062 19.642812 8.1914062 19.007812 L 7.5175781 18.640625 L 6.7734375 18.816406 L 4.8046875 19.28125 L 5.2851562 17.496094 L 5.5019531 16.695312 L 5.0878906 15.976562 C 4.3898906 14.768562 4.0204844 13.387375 4.0214844 11.984375 C 4.0234844 7.582375 7.6067656 4 12.009766 4 z M 8.4765625 7.375 C 8.3095625 7.375 8.0395469 7.4375 7.8105469 7.6875 C 7.5815469 7.9365 6.9355469 8.5395781 6.9355469 9.7675781 C 6.9355469 10.995578 7.8300781 12.182609 7.9550781 12.349609 C 8.0790781 12.515609 9.68175 15.115234 12.21875 16.115234 C 14.32675 16.946234 14.754891 16.782234 15.212891 16.740234 C 15.670891 16.699234 16.690438 16.137687 16.898438 15.554688 C 17.106437 14.971687 17.106922 14.470187 17.044922 14.367188 C 16.982922 14.263188 16.816406 14.201172 16.566406 14.076172 C 16.317406 13.951172 15.090328 13.348625 14.861328 13.265625 C 14.632328 13.182625 14.464828 13.140625 14.298828 13.390625 C 14.132828 13.640625 13.655766 14.201187 13.509766 14.367188 C 13.363766 14.534188 13.21875 14.556641 12.96875 14.431641 C 12.71875 14.305641 11.914938 14.041406 10.960938 13.191406 C 10.218937 12.530406 9.7182656 11.714844 9.5722656 11.464844 C 9.4272656 11.215844 9.5585938 11.079078 9.6835938 10.955078 C 9.7955938 10.843078 9.9316406 10.663578 10.056641 10.517578 C 10.180641 10.371578 10.223641 10.267562 10.306641 10.101562 C 10.389641 9.9355625 10.347156 9.7890625 10.285156 9.6640625 C 10.223156 9.5390625 9.737625 8.3065 9.515625 7.8125 C 9.328625 7.3975 9.131125 7.3878594 8.953125 7.3808594 C 8.808125 7.3748594 8.6425625 7.375 8.4765625 7.375 z\"><\/path><\/svg><span class=\"wp-block-social-link-label screen-reader-text\">WhatsApp<\/span><\/a><\/li>\n\n<li style=\"color:#111111;\" class=\"wp-social-link wp-social-link-facebook has-contrast-color wp-block-social-link\"><a rel=\"noopener nofollow\" target=\"_blank\" href=\"https:\/\/www.facebook.com\/sharer\/sharer.php?u=https%3A\/\/cyberpreventionservices.axa.ch\/it\/newsletter\" class=\"wp-block-social-link-anchor\"><svg width=\"24\" height=\"24\" viewBox=\"0 0 24 24\" version=\"1.1\" xmlns=\"http:\/\/www.w3.org\/2000\/svg\" aria-hidden=\"true\" focusable=\"false\"><path d=\"M12 2C6.5 2 2 6.5 2 12c0 5 3.7 9.1 8.4 9.9v-7H7.9V12h2.5V9.8c0-2.5 1.5-3.9 3.8-3.9 1.1 0 2.2.2 2.2.2v2.5h-1.3c-1.2 0-1.6.8-1.6 1.6V12h2.8l-.4 2.9h-2.3v7C18.3 21.1 22 17 22 12c0-5.5-4.5-10-10-10z\"><\/path><\/svg><span class=\"wp-block-social-link-label screen-reader-text\">Facebook<\/span><\/a><\/li>\n\n<li style=\"color:#111111;\" class=\"wp-social-link wp-social-link-linkedin has-contrast-color wp-block-social-link\"><a rel=\"noopener nofollow\" target=\"_blank\" href=\"https:\/\/www.linkedin.com\/shareArticle?mini=true&#038;url=https%3A\/\/cyberpreventionservices.axa.ch\/it\/newsletter\" class=\"wp-block-social-link-anchor\"><svg width=\"24\" height=\"24\" viewBox=\"0 0 24 24\" version=\"1.1\" xmlns=\"http:\/\/www.w3.org\/2000\/svg\" aria-hidden=\"true\" focusable=\"false\"><path d=\"M19.7,3H4.3C3.582,3,3,3.582,3,4.3v15.4C3,20.418,3.582,21,4.3,21h15.4c0.718,0,1.3-0.582,1.3-1.3V4.3 C21,3.582,20.418,3,19.7,3z M8.339,18.338H5.667v-8.59h2.672V18.338z M7.004,8.574c-0.857,0-1.549-0.694-1.549-1.548 c0-0.855,0.691-1.548,1.549-1.548c0.854,0,1.547,0.694,1.547,1.548C8.551,7.881,7.858,8.574,7.004,8.574z M18.339,18.338h-2.669 v-4.177c0-0.996-0.017-2.278-1.387-2.278c-1.389,0-1.601,1.086-1.601,2.206v4.249h-2.667v-8.59h2.559v1.174h0.037 c0.356-0.675,1.227-1.387,2.526-1.387c2.703,0,3.203,1.779,3.203,4.092V18.338z\"><\/path><\/svg><span class=\"wp-block-social-link-label screen-reader-text\">LinkedIn<\/span><\/a><\/li>\n\n<li style=\"color:#111111;\" class=\"wp-social-link wp-social-link-x has-contrast-color wp-block-social-link\"><a rel=\"noopener nofollow\" target=\"_blank\" href=\"https:\/\/twitter.com\/intent\/tweet?text=https%3A\/\/cyberpreventionservices.axa.ch\/it\/newsletter\" class=\"wp-block-social-link-anchor\"><svg width=\"24\" height=\"24\" viewBox=\"0 0 24 24\" version=\"1.1\" xmlns=\"http:\/\/www.w3.org\/2000\/svg\" aria-hidden=\"true\" focusable=\"false\"><path d=\"M13.982 10.622 20.54 3h-1.554l-5.693 6.618L8.745 3H3.5l6.876 10.007L3.5 21h1.554l6.012-6.989L15.868 21h5.245l-7.131-10.378Zm-2.128 2.474-.697-.997-5.543-7.93H8l4.474 6.4.697.996 5.815 8.318h-2.387l-4.745-6.787Z\" \/><\/svg><span class=\"wp-block-social-link-label screen-reader-text\">X<\/span><\/a><\/li><\/ul>\n<\/div>\n\n\n\n<div class=\"wp-block-column has-white-background-color has-background is-layout-flow wp-block-column-is-layout-flow\" style=\"border-radius:8px;padding-top:var(--wp--preset--spacing--50);padding-right:var(--wp--preset--spacing--50);padding-bottom:var(--wp--preset--spacing--50);padding-left:var(--wp--preset--spacing--50);box-shadow:var(--wp--preset--shadow--natural)\">\n<h3 class=\"wp-block-heading has-source-sans-pro-font-family\" style=\"font-size:28px\">Condivisione tramite link<\/h3>\n\n\n\n<pre class=\"wp-block-preformatted newsletter-share-columns__copy-link-to-clipboard\" style=\"margin-top:var(--wp--preset--spacing--20);margin-bottom:var(--wp--preset--spacing--20)\">https:\/\/cyberpreventionservices.axa.ch\/it\/newsletter<\/pre>\n\n\n\n<div class=\"wp-block-group newsletter-share-columns__share-button-grp is-nowrap is-layout-flex wp-container-core-group-is-layout-6c531013 wp-block-group-is-layout-flex\">\n<div class=\"wp-block-silenccio-axa-button\"><a class=\"btn btn-primary\" href=\"#\">coPY<\/a><\/div>\n<\/div>\n<\/div>\n<\/div>\n<\/div>\n<\/div>\n","protected":false},"excerpt":{"rendered":"<p>Sempre al corrente per evitare problemi La nostra newsletter Cyberallerta la informa in modo pratico, concreto e comprensibile sulle pi\u00f9 recenti tecniche utilizzate dai criminali informatici. In questo modo pu\u00f2 riconoscere pi\u00f9 facilmente i tentativi di frode e tutelarsi. Nome* Il campo non deve essere vuoto Cognome* Il campo non deve essere vuoto E-mail* L&#8217;indirizzo [&hellip;]<\/p>\n","protected":false},"author":2,"featured_media":0,"parent":0,"menu_order":0,"comment_status":"closed","ping_status":"closed","template":"","meta":{"footnotes":""},"class_list":["post-2259","page","type-page","status-publish","hentry"],"yoast_head":"<!-- This site is optimized with the Yoast SEO plugin v27.6 - https:\/\/yoast.com\/product\/yoast-seo-wordpress\/ -->\n<title>Newsletter - Cyberpr\u00e4vention Services<\/title>\n<meta name=\"robots\" content=\"index, follow, max-snippet:-1, max-image-preview:large, max-video-preview:-1\" \/>\n<link rel=\"canonical\" href=\"https:\/\/cyberpreventionservices.axa.ch\/it\/newsletter\/\" \/>\n<meta property=\"og:locale\" content=\"it_IT\" \/>\n<meta property=\"og:type\" content=\"article\" \/>\n<meta property=\"og:title\" content=\"Newsletter - Cyberpr\u00e4vention Services\" \/>\n<meta property=\"og:description\" content=\"Sempre al corrente per evitare problemi La nostra newsletter Cyberallerta la informa in modo pratico, concreto e comprensibile sulle pi\u00f9 recenti tecniche utilizzate dai criminali informatici. In questo modo pu\u00f2 riconoscere pi\u00f9 facilmente i tentativi di frode e tutelarsi. Nome* Il campo non deve essere vuoto Cognome* Il campo non deve essere vuoto E-mail* L&#8217;indirizzo [&hellip;]\" \/>\n<meta property=\"og:url\" content=\"https:\/\/cyberpreventionservices.axa.ch\/it\/newsletter\/\" \/>\n<meta property=\"og:site_name\" content=\"Cyberpr\u00e4vention Services\" \/>\n<meta property=\"article:modified_time\" content=\"2026-03-19T13:42:15+00:00\" \/>\n<meta name=\"twitter:card\" content=\"summary_large_image\" \/>\n<meta name=\"twitter:label1\" content=\"Tempo di lettura stimato\" \/>\n\t<meta name=\"twitter:data1\" content=\"3 minuti\" \/>\n<script type=\"application\/ld+json\" class=\"yoast-schema-graph\">{\"@context\":\"https:\\\/\\\/schema.org\",\"@graph\":[{\"@type\":\"WebPage\",\"@id\":\"https:\\\/\\\/cyberpreventionservices.axa.ch\\\/it\\\/newsletter\\\/\",\"url\":\"https:\\\/\\\/cyberpreventionservices.axa.ch\\\/it\\\/newsletter\\\/\",\"name\":\"Newsletter - Cyberpr\u00e4vention Services\",\"isPartOf\":{\"@id\":\"https:\\\/\\\/cyberpreventionservices.axa.ch\\\/#website\"},\"primaryImageOfPage\":{\"@id\":\"https:\\\/\\\/cyberpreventionservices.axa.ch\\\/it\\\/newsletter\\\/#primaryimage\"},\"image\":{\"@id\":\"https:\\\/\\\/cyberpreventionservices.axa.ch\\\/it\\\/newsletter\\\/#primaryimage\"},\"thumbnailUrl\":\"https:\\\/\\\/cyberpreventionservices.axa.ch\\\/wp-content\\\/uploads\\\/2026\\\/03\\\/letter_icon.svg\",\"datePublished\":\"2025-08-15T08:26:13+00:00\",\"dateModified\":\"2026-03-19T13:42:15+00:00\",\"breadcrumb\":{\"@id\":\"https:\\\/\\\/cyberpreventionservices.axa.ch\\\/it\\\/newsletter\\\/#breadcrumb\"},\"inLanguage\":\"it-IT\",\"potentialAction\":[{\"@type\":\"ReadAction\",\"target\":[\"https:\\\/\\\/cyberpreventionservices.axa.ch\\\/it\\\/newsletter\\\/\"]}]},{\"@type\":\"ImageObject\",\"inLanguage\":\"it-IT\",\"@id\":\"https:\\\/\\\/cyberpreventionservices.axa.ch\\\/it\\\/newsletter\\\/#primaryimage\",\"url\":\"https:\\\/\\\/cyberpreventionservices.axa.ch\\\/wp-content\\\/uploads\\\/2026\\\/03\\\/letter_icon.svg\",\"contentUrl\":\"https:\\\/\\\/cyberpreventionservices.axa.ch\\\/wp-content\\\/uploads\\\/2026\\\/03\\\/letter_icon.svg\"},{\"@type\":\"BreadcrumbList\",\"@id\":\"https:\\\/\\\/cyberpreventionservices.axa.ch\\\/it\\\/newsletter\\\/#breadcrumb\",\"itemListElement\":[{\"@type\":\"ListItem\",\"position\":1,\"name\":\"Home\",\"item\":\"https:\\\/\\\/cyberpreventionservices.axa.ch\\\/it\\\/\"},{\"@type\":\"ListItem\",\"position\":2,\"name\":\"Newsletter\"}]},{\"@type\":\"WebSite\",\"@id\":\"https:\\\/\\\/cyberpreventionservices.axa.ch\\\/#website\",\"url\":\"https:\\\/\\\/cyberpreventionservices.axa.ch\\\/\",\"name\":\"Cyber-Pr\u00e4ventionsservice\",\"description\":\"Cyber prevention for Swiss SMEs \u2013 discover tailored services to protect your business from cyber threats quickly and easily.\",\"publisher\":{\"@id\":\"https:\\\/\\\/cyberpreventionservices.axa.ch\\\/#organization\"},\"potentialAction\":[{\"@type\":\"SearchAction\",\"target\":{\"@type\":\"EntryPoint\",\"urlTemplate\":\"https:\\\/\\\/cyberpreventionservices.axa.ch\\\/?s={search_term_string}\"},\"query-input\":{\"@type\":\"PropertyValueSpecification\",\"valueRequired\":true,\"valueName\":\"search_term_string\"}}],\"inLanguage\":\"it-IT\"},{\"@type\":\"Organization\",\"@id\":\"https:\\\/\\\/cyberpreventionservices.axa.ch\\\/#organization\",\"name\":\"Cyber-Pr\u00e4ventionsservice AXA Schweiz\",\"url\":\"https:\\\/\\\/cyberpreventionservices.axa.ch\\\/\",\"logo\":{\"@type\":\"ImageObject\",\"inLanguage\":\"it-IT\",\"@id\":\"https:\\\/\\\/cyberpreventionservices.axa.ch\\\/#\\\/schema\\\/logo\\\/image\\\/\",\"url\":\"https:\\\/\\\/cyberpreventionservices.axa.ch\\\/wp-content\\\/uploads\\\/2026\\\/02\\\/cropped-img-logo-axa-logo-solid-rgb-copy.png\",\"contentUrl\":\"https:\\\/\\\/cyberpreventionservices.axa.ch\\\/wp-content\\\/uploads\\\/2026\\\/02\\\/cropped-img-logo-axa-logo-solid-rgb-copy.png\",\"width\":512,\"height\":512,\"caption\":\"Cyber-Pr\u00e4ventionsservice AXA Schweiz\"},\"image\":{\"@id\":\"https:\\\/\\\/cyberpreventionservices.axa.ch\\\/#\\\/schema\\\/logo\\\/image\\\/\"},\"sameAs\":[\"https:\\\/\\\/www.linkedin.com\\\/company\\\/axacyberalarmschweiz\\\/\"]}]}<\/script>\n<!-- \/ Yoast SEO plugin. -->","yoast_head_json":{"title":"Newsletter - Cyberpr\u00e4vention Services","robots":{"index":"index","follow":"follow","max-snippet":"max-snippet:-1","max-image-preview":"max-image-preview:large","max-video-preview":"max-video-preview:-1"},"canonical":"https:\/\/cyberpreventionservices.axa.ch\/it\/newsletter\/","og_locale":"it_IT","og_type":"article","og_title":"Newsletter - Cyberpr\u00e4vention Services","og_description":"Sempre al corrente per evitare problemi La nostra newsletter Cyberallerta la informa in modo pratico, concreto e comprensibile sulle pi\u00f9 recenti tecniche utilizzate dai criminali informatici. In questo modo pu\u00f2 riconoscere pi\u00f9 facilmente i tentativi di frode e tutelarsi. Nome* Il campo non deve essere vuoto Cognome* Il campo non deve essere vuoto E-mail* L&#8217;indirizzo [&hellip;]","og_url":"https:\/\/cyberpreventionservices.axa.ch\/it\/newsletter\/","og_site_name":"Cyberpr\u00e4vention Services","article_modified_time":"2026-03-19T13:42:15+00:00","twitter_card":"summary_large_image","twitter_misc":{"Tempo di lettura stimato":"3 minuti"},"schema":{"@context":"https:\/\/schema.org","@graph":[{"@type":"WebPage","@id":"https:\/\/cyberpreventionservices.axa.ch\/it\/newsletter\/","url":"https:\/\/cyberpreventionservices.axa.ch\/it\/newsletter\/","name":"Newsletter - Cyberpr\u00e4vention Services","isPartOf":{"@id":"https:\/\/cyberpreventionservices.axa.ch\/#website"},"primaryImageOfPage":{"@id":"https:\/\/cyberpreventionservices.axa.ch\/it\/newsletter\/#primaryimage"},"image":{"@id":"https:\/\/cyberpreventionservices.axa.ch\/it\/newsletter\/#primaryimage"},"thumbnailUrl":"https:\/\/cyberpreventionservices.axa.ch\/wp-content\/uploads\/2026\/03\/letter_icon.svg","datePublished":"2025-08-15T08:26:13+00:00","dateModified":"2026-03-19T13:42:15+00:00","breadcrumb":{"@id":"https:\/\/cyberpreventionservices.axa.ch\/it\/newsletter\/#breadcrumb"},"inLanguage":"it-IT","potentialAction":[{"@type":"ReadAction","target":["https:\/\/cyberpreventionservices.axa.ch\/it\/newsletter\/"]}]},{"@type":"ImageObject","inLanguage":"it-IT","@id":"https:\/\/cyberpreventionservices.axa.ch\/it\/newsletter\/#primaryimage","url":"https:\/\/cyberpreventionservices.axa.ch\/wp-content\/uploads\/2026\/03\/letter_icon.svg","contentUrl":"https:\/\/cyberpreventionservices.axa.ch\/wp-content\/uploads\/2026\/03\/letter_icon.svg"},{"@type":"BreadcrumbList","@id":"https:\/\/cyberpreventionservices.axa.ch\/it\/newsletter\/#breadcrumb","itemListElement":[{"@type":"ListItem","position":1,"name":"Home","item":"https:\/\/cyberpreventionservices.axa.ch\/it\/"},{"@type":"ListItem","position":2,"name":"Newsletter"}]},{"@type":"WebSite","@id":"https:\/\/cyberpreventionservices.axa.ch\/#website","url":"https:\/\/cyberpreventionservices.axa.ch\/","name":"Cyber-Pr\u00e4ventionsservice","description":"Cyber prevention for Swiss SMEs \u2013 discover tailored services to protect your business from cyber threats quickly and easily.","publisher":{"@id":"https:\/\/cyberpreventionservices.axa.ch\/#organization"},"potentialAction":[{"@type":"SearchAction","target":{"@type":"EntryPoint","urlTemplate":"https:\/\/cyberpreventionservices.axa.ch\/?s={search_term_string}"},"query-input":{"@type":"PropertyValueSpecification","valueRequired":true,"valueName":"search_term_string"}}],"inLanguage":"it-IT"},{"@type":"Organization","@id":"https:\/\/cyberpreventionservices.axa.ch\/#organization","name":"Cyber-Pr\u00e4ventionsservice AXA Schweiz","url":"https:\/\/cyberpreventionservices.axa.ch\/","logo":{"@type":"ImageObject","inLanguage":"it-IT","@id":"https:\/\/cyberpreventionservices.axa.ch\/#\/schema\/logo\/image\/","url":"https:\/\/cyberpreventionservices.axa.ch\/wp-content\/uploads\/2026\/02\/cropped-img-logo-axa-logo-solid-rgb-copy.png","contentUrl":"https:\/\/cyberpreventionservices.axa.ch\/wp-content\/uploads\/2026\/02\/cropped-img-logo-axa-logo-solid-rgb-copy.png","width":512,"height":512,"caption":"Cyber-Pr\u00e4ventionsservice AXA Schweiz"},"image":{"@id":"https:\/\/cyberpreventionservices.axa.ch\/#\/schema\/logo\/image\/"},"sameAs":["https:\/\/www.linkedin.com\/company\/axacyberalarmschweiz\/"]}]}},"_links":{"self":[{"href":"https:\/\/cyberpreventionservices.axa.ch\/it\/wp-json\/wp\/v2\/pages\/2259","targetHints":{"allow":["GET"]}}],"collection":[{"href":"https:\/\/cyberpreventionservices.axa.ch\/it\/wp-json\/wp\/v2\/pages"}],"about":[{"href":"https:\/\/cyberpreventionservices.axa.ch\/it\/wp-json\/wp\/v2\/types\/page"}],"author":[{"embeddable":true,"href":"https:\/\/cyberpreventionservices.axa.ch\/it\/wp-json\/wp\/v2\/users\/2"}],"replies":[{"embeddable":true,"href":"https:\/\/cyberpreventionservices.axa.ch\/it\/wp-json\/wp\/v2\/comments?post=2259"}],"version-history":[{"count":24,"href":"https:\/\/cyberpreventionservices.axa.ch\/it\/wp-json\/wp\/v2\/pages\/2259\/revisions"}],"predecessor-version":[{"id":3337,"href":"https:\/\/cyberpreventionservices.axa.ch\/it\/wp-json\/wp\/v2\/pages\/2259\/revisions\/3337"}],"wp:attachment":[{"href":"https:\/\/cyberpreventionservices.axa.ch\/it\/wp-json\/wp\/v2\/media?parent=2259"}],"curies":[{"name":"wp","href":"https:\/\/api.w.org\/{rel}","templated":true}]}}